{"id":5,"date":"2019-08-26T14:07:10","date_gmt":"2019-08-26T12:07:10","guid":{"rendered":"https:\/\/services2.cloud1.sbg.meosis.fr\/fbg-trading\/simulation-structurelle.html"},"modified":"2021-12-03T09:14:13","modified_gmt":"2021-12-03T08:14:13","slug":"les-professionnels","status":"publish","type":"page","link":"https:\/\/services2.cloud1.sbg.meosis.fr\/fbg-trading\/les-professionnels.html","title":{"rendered":"Les professionnels"},"content":{"rendered":"\t\t<div data-elementor-type=\"wp-post\" data-elementor-id=\"5\" class=\"elementor elementor-5\" data-elementor-post-type=\"page\">\n\t\t\t\t\t\t<section class=\"elementor-section elementor-top-section elementor-element elementor-element-2fd37e69 elementor-section-boxed elementor-section-height-default elementor-section-height-default\" data-id=\"2fd37e69\" data-element_type=\"section\">\n\t\t\t\t\t\t<div class=\"elementor-container elementor-column-gap-default\">\n\t\t\t\t\t<div class=\"elementor-column elementor-col-100 elementor-top-column elementor-element elementor-element-496c86dc\" data-id=\"496c86dc\" data-element_type=\"column\">\n\t\t\t<div class=\"elementor-widget-wrap elementor-element-populated\">\n\t\t\t\t\t\t<div class=\"elementor-element elementor-element-5a69abb3 elementor-widget elementor-widget-text-editor\" data-id=\"5a69abb3\" data-element_type=\"widget\" data-widget_type=\"text-editor.default\">\n\t\t\t\t<div class=\"elementor-widget-container\">\n\t\t\t\t\t\t\t<h2>SALON DE COIFFURE<\/h2><p>Les professionnels de la coiffure font partie des clients privil\u00e9gi\u00e9s de Belisse Beauty. Dans ce m\u00e9tier la serviette est un outil essentiel employ\u00e9 jusqu\u2019\u00e0 l\u2019usure pour le confort du client et pour l\u2019usage du styliste, sa qualit\u00e9 ne doit donc pas \u00eatre n\u00e9glig\u00e9e.<\/p><p>C\u2019est \u00e0 ce double crit\u00e8re de confort et de r\u00e9sistance que r\u00e9pond Belisse Beauty. D\u00e8s le premier emploi, vous aurez l\u2019occasion de constater la capacit\u00e9 ultra absorbante de la microfibre ainsi que sa facult\u00e9 \u00e0 s\u00e9cher rapidement. De plus, la r\u00e9sistance de nos serviettes aux taches et aux agents de blanchiment permet le maintien de leurs formes et donc une constante propret\u00e9. La dur\u00e9e de lavage et de s\u00e9chage de nos textiles en microfibre est bien plus courte que celle requise pour les textiles en coton, le gain d\u2019\u00e9nergie assure une \u00e9conomie de co\u00fbts significative. Un large \u00e9ventail de couleurs est mis \u00e0 votre disposition pour accorder vos textiles Belisse Beauty avec l\u2019esth\u00e9tique de votre salon.\u00a0<\/p><h2>SALON DE BEAUT\u00c9<\/h2><p>Dans un salon de beaut\u00e9 de nombreux et diff\u00e9rents soins sont quotidiennement administr\u00e9s. Vous avez donc besoin de textiles aptes \u00e0 supporter tout type de produit, et c\u2019est pour cela que les textiles en microfibre de Belisse Beauty ont \u00e9t\u00e9 cr\u00e9\u00e9s.<\/p><p>Nos textiles ne sont pas seulement r\u00e9sistants aux taches et aux odeurs, ils sont aussi faciles \u00e0 laver et conservent leur forme apr\u00e8s le passage en machine. N\u2019h\u00e9sitez pas \u00e0 associer la qualit\u00e9 de vos textiles \u00e0 la qualit\u00e9 de vos soins, Belisse Beauty est l\u00e0 pour vous offrir un large \u00e9ventail de couleurs \u00e0 cet effet.\u00a0<\/p><h2>H\u00d4TEL<\/h2><p>Un h\u00f4tel se distingue lorsqu\u2019il offre un confort que ses clients aiment \u00e0 retrouver. Les serviettes, peignoirs, et par\u00e9os fournis par un \u00e9tablissement constituent des \u00e9l\u00e9ments essentiels pour asseoir sa r\u00e9putation. Les textiles en microfibre de Belisse Beauty sont r\u00e9alis\u00e9s afin que vos clients se sentent aussi \u00e0 l\u2019aise chez vous que s\u2019ils \u00e9taient chez eux. Au-del\u00e0 du confort offert \u00e0 vos clients, nos textiles sont aussi con\u00e7us pour vous faciliter la vie.<\/p><p>En effet, ils ne sont pas seulement r\u00e9sistants aux taches et aux odeurs, ils sont aussi faciles \u00e0 laver et conservent leur forme apr\u00e8s le passage en machine. Leur faible dur\u00e9e de lavage et de s\u00e9chage assure des gains d\u2019\u00e9nergie notables et donc une r\u00e9elle r\u00e9duction des co\u00fbts. En choisissant Belisse Beauty, vous vous assurerez que chaque d\u00e9tail pr\u00e9sent dans votre h\u00f4tel atteste d\u2019un \u00e9tablissement de qualit\u00e9.\u00a0<\/p><h2>SALLE DE SPORT<\/h2><p>L\u2019activit\u00e9 intense des salles de sport requiert des textiles l\u00e9gers, peu encombrants, et faciles \u00e0 transporter. Ces textiles doivent aussi absorber ais\u00e9ment l\u2019eau et la sueur et s\u00e9cher rapidement. C\u2019est l\u00e0 toute la qualit\u00e9 mise \u00e0 votre disposition par Belisse Beauty. Une microfibre antibact\u00e9rienne d\u2019une douceur incomparable et qui n\u2019irrite pas la peau apr\u00e8s l\u2019effort.\u00a0\u00a0<\/p><h2>DOCTEURS ET SALON DE MASSAGE<\/h2><p>Vous souhaitez installer vos clients ou vos patients dans une atmosph\u00e8re de d\u00e9tente et de d\u00e9contraction\u00a0? Belisse Beauty vous fournit un \u00e9quipement professionnel comportant un large \u00e9ventail d\u2019accessoires et de textiles en microfibre. Nos produits sont con\u00e7us pour vous assister au mieux dans le cadre de votre activit\u00e9 professionnelle.<\/p><p>En plus d\u2019\u00eatre antibact\u00e9riens et appropri\u00e9s pour tout type d\u2019allergie, nos textiles sont r\u00e9sistants aux taches et aux odeurs. La dur\u00e9e de lavage et de s\u00e9chage requise est en outre tr\u00e8s br\u00e8ve, ce qui vous assurera un gain d\u2019\u00e9nergie et donc une \u00e9conomie de co\u00fbts appr\u00e9ciable. Enfin, vous trouverez un large choix de tons et de couleurs pour tous les biens propos\u00e9s.<\/p><h2>SPAS ET BIEN-\u00caTRE<\/h2><p>Les spas sont des espaces de relaxation et de r\u00e9cup\u00e9ration, en un mot\u00a0: de bien-\u00eatre. Les textiles en microfibre de chez Belisse Beauty vous permettent de procurer\u00a0cette sensation de bien-\u00eatre \u00e0 vos clients. Sous forme de peignoir, de drap de bain, ou de couverture, la qualit\u00e9 de la microfibre prolonge le plaisir du bain, du massage, ou du sauna.<\/p><p>Le confort ne s\u2019obtient qu\u2019\u00e0 l\u2019aide d\u2019un \u00e9quipement appropri\u00e9, c\u2019est pourquoi Belisse Beauty met \u00e0 votre disposition des textiles dans lesquels vos clients aimeront \u00e0 se blottir, mais aussi diff\u00e9rentes sortes d\u2019accessoires, comme par exemple des bougies aromatis\u00e9es.<\/p>\t\t\t\t\t\t<\/div>\n\t\t\t\t<\/div>\n\t\t\t\t\t<\/div>\n\t\t<\/div>\n\t\t\t\t\t<\/div>\n\t\t<\/section>\n\t\t\t\t<\/div>\n\t\t","protected":false},"excerpt":{"rendered":"<p>SALON DE COIFFURE Les professionnels de la coiffure font partie des clients privil\u00e9gi\u00e9s de Belisse Beauty. Dans ce m\u00e9tier la serviette est un outil essentiel employ\u00e9 jusqu\u2019\u00e0 l\u2019usure pour le confort du client et pour l\u2019usage du styliste, sa qualit\u00e9 ne doit donc pas \u00eatre n\u00e9glig\u00e9e. C\u2019est \u00e0 ce double crit\u00e8re de confort et de [&hellip;]<\/p>\n","protected":false},"author":1,"featured_media":0,"parent":0,"menu_order":0,"comment_status":"closed","ping_status":"closed","template":"","meta":[],"yoast_head":"<!-- This site is optimized with the Yoast SEO plugin v20.6 - https:\/\/yoast.com\/wordpress\/plugins\/seo\/ -->\n<title>Les professionnels \u203a FBG Trading<\/title>\n<meta name=\"description\" content=\"SALON DE COIFFURELes professionnels de la coiffure font partie des clients privil\u00e9gi\u00e9s de Belisse Beauty. Dans ce m\u00e9tier la serviette est un outil\" \/>\n<meta name=\"robots\" content=\"index, follow, max-snippet:-1, max-image-preview:large, max-video-preview:-1\" \/>\n<link rel=\"canonical\" href=\"https:\/\/services2.cloud1.sbg.meosis.fr\/fbg-trading\/les-professionnels.html\" \/>\n<meta property=\"og:locale\" content=\"fr_FR\" \/>\n<meta property=\"og:type\" content=\"article\" \/>\n<meta property=\"og:title\" content=\"Les professionnels \u203a FBG Trading\" \/>\n<meta property=\"og:description\" content=\"SALON DE COIFFURELes professionnels de la coiffure font partie des clients privil\u00e9gi\u00e9s de Belisse Beauty. Dans ce m\u00e9tier la serviette est un outil\" \/>\n<meta property=\"og:url\" content=\"https:\/\/services2.cloud1.sbg.meosis.fr\/fbg-trading\/les-professionnels.html\" \/>\n<meta property=\"og:site_name\" content=\"FBG TRADING\" \/>\n<meta property=\"article:modified_time\" content=\"2021-12-03T08:14:13+00:00\" \/>\n<meta name=\"twitter:card\" content=\"summary_large_image\" \/>\n<meta name=\"twitter:label1\" content=\"Dur\u00e9e de lecture estim\u00e9e\" \/>\n\t<meta name=\"twitter:data1\" content=\"4 minutes\" \/>\n<script type=\"application\/ld+json\" class=\"yoast-schema-graph\">{\"@context\":\"https:\/\/schema.org\",\"@graph\":[{\"@type\":\"WebPage\",\"@id\":\"https:\/\/services2.cloud1.sbg.meosis.fr\/fbg-trading\/les-professionnels.html\",\"url\":\"https:\/\/services2.cloud1.sbg.meosis.fr\/fbg-trading\/les-professionnels.html\",\"name\":\"Les professionnels \u203a FBG Trading\",\"isPartOf\":{\"@id\":\"https:\/\/services2.cloud1.sbg.meosis.fr\/fbg-trading\/#website\"},\"datePublished\":\"2019-08-26T12:07:10+00:00\",\"dateModified\":\"2021-12-03T08:14:13+00:00\",\"description\":\"SALON DE COIFFURELes professionnels de la coiffure font partie des clients privil\u00e9gi\u00e9s de Belisse Beauty. Dans ce m\u00e9tier la serviette est un outil\",\"breadcrumb\":{\"@id\":\"https:\/\/services2.cloud1.sbg.meosis.fr\/fbg-trading\/les-professionnels.html#breadcrumb\"},\"inLanguage\":\"fr-FR\",\"potentialAction\":[{\"@type\":\"ReadAction\",\"target\":[\"https:\/\/services2.cloud1.sbg.meosis.fr\/fbg-trading\/les-professionnels.html\"]}]},{\"@type\":\"BreadcrumbList\",\"@id\":\"https:\/\/services2.cloud1.sbg.meosis.fr\/fbg-trading\/les-professionnels.html#breadcrumb\",\"itemListElement\":[{\"@type\":\"ListItem\",\"position\":1,\"name\":\"Linge professionnel en microfibre\",\"item\":\"https:\/\/services2.cloud1.sbg.meosis.fr\/fbg-trading\/\"},{\"@type\":\"ListItem\",\"position\":2,\"name\":\"Les professionnels\"}]},{\"@type\":\"WebSite\",\"@id\":\"https:\/\/services2.cloud1.sbg.meosis.fr\/fbg-trading\/#website\",\"url\":\"https:\/\/services2.cloud1.sbg.meosis.fr\/fbg-trading\/\",\"name\":\"FBG TRADING\",\"description\":\"FBG TRADING : linge professionnel en microfibre\",\"publisher\":{\"@id\":\"https:\/\/services2.cloud1.sbg.meosis.fr\/fbg-trading\/#organization\"},\"potentialAction\":[{\"@type\":\"SearchAction\",\"target\":{\"@type\":\"EntryPoint\",\"urlTemplate\":\"https:\/\/services2.cloud1.sbg.meosis.fr\/fbg-trading\/?s={search_term_string}\"},\"query-input\":\"required name=search_term_string\"}],\"inLanguage\":\"fr-FR\"},{\"@type\":\"Organization\",\"@id\":\"https:\/\/services2.cloud1.sbg.meosis.fr\/fbg-trading\/#organization\",\"name\":\"FBG Trading\",\"url\":\"https:\/\/services2.cloud1.sbg.meosis.fr\/fbg-trading\/\",\"logo\":{\"@type\":\"ImageObject\",\"inLanguage\":\"fr-FR\",\"@id\":\"https:\/\/services2.cloud1.sbg.meosis.fr\/fbg-trading\/#\/schema\/logo\/image\/\",\"url\":\"https:\/\/services2.cloud1.sbg.meosis.fr\/fbg-trading\/wp-content\/uploads\/sites\/54\/2020\/08\/F-B-G-.png\",\"contentUrl\":\"https:\/\/services2.cloud1.sbg.meosis.fr\/fbg-trading\/wp-content\/uploads\/sites\/54\/2020\/08\/F-B-G-.png\",\"width\":795,\"height\":366,\"caption\":\"FBG Trading\"},\"image\":{\"@id\":\"https:\/\/services2.cloud1.sbg.meosis.fr\/fbg-trading\/#\/schema\/logo\/image\/\"}}]}<\/script>\n<!-- \/ Yoast SEO plugin. -->","yoast_head_json":{"title":"Les professionnels \u203a FBG Trading","description":"SALON DE COIFFURELes professionnels de la coiffure font partie des clients privil\u00e9gi\u00e9s de Belisse Beauty. Dans ce m\u00e9tier la serviette est un outil","robots":{"index":"index","follow":"follow","max-snippet":"max-snippet:-1","max-image-preview":"max-image-preview:large","max-video-preview":"max-video-preview:-1"},"canonical":"https:\/\/services2.cloud1.sbg.meosis.fr\/fbg-trading\/les-professionnels.html","og_locale":"fr_FR","og_type":"article","og_title":"Les professionnels \u203a FBG Trading","og_description":"SALON DE COIFFURELes professionnels de la coiffure font partie des clients privil\u00e9gi\u00e9s de Belisse Beauty. Dans ce m\u00e9tier la serviette est un outil","og_url":"https:\/\/services2.cloud1.sbg.meosis.fr\/fbg-trading\/les-professionnels.html","og_site_name":"FBG TRADING","article_modified_time":"2021-12-03T08:14:13+00:00","twitter_card":"summary_large_image","twitter_misc":{"Dur\u00e9e de lecture estim\u00e9e":"4 minutes"},"schema":{"@context":"https:\/\/schema.org","@graph":[{"@type":"WebPage","@id":"https:\/\/services2.cloud1.sbg.meosis.fr\/fbg-trading\/les-professionnels.html","url":"https:\/\/services2.cloud1.sbg.meosis.fr\/fbg-trading\/les-professionnels.html","name":"Les professionnels \u203a FBG Trading","isPartOf":{"@id":"https:\/\/services2.cloud1.sbg.meosis.fr\/fbg-trading\/#website"},"datePublished":"2019-08-26T12:07:10+00:00","dateModified":"2021-12-03T08:14:13+00:00","description":"SALON DE COIFFURELes professionnels de la coiffure font partie des clients privil\u00e9gi\u00e9s de Belisse Beauty. Dans ce m\u00e9tier la serviette est un outil","breadcrumb":{"@id":"https:\/\/services2.cloud1.sbg.meosis.fr\/fbg-trading\/les-professionnels.html#breadcrumb"},"inLanguage":"fr-FR","potentialAction":[{"@type":"ReadAction","target":["https:\/\/services2.cloud1.sbg.meosis.fr\/fbg-trading\/les-professionnels.html"]}]},{"@type":"BreadcrumbList","@id":"https:\/\/services2.cloud1.sbg.meosis.fr\/fbg-trading\/les-professionnels.html#breadcrumb","itemListElement":[{"@type":"ListItem","position":1,"name":"Linge professionnel en microfibre","item":"https:\/\/services2.cloud1.sbg.meosis.fr\/fbg-trading\/"},{"@type":"ListItem","position":2,"name":"Les professionnels"}]},{"@type":"WebSite","@id":"https:\/\/services2.cloud1.sbg.meosis.fr\/fbg-trading\/#website","url":"https:\/\/services2.cloud1.sbg.meosis.fr\/fbg-trading\/","name":"FBG TRADING","description":"FBG TRADING : linge professionnel en microfibre","publisher":{"@id":"https:\/\/services2.cloud1.sbg.meosis.fr\/fbg-trading\/#organization"},"potentialAction":[{"@type":"SearchAction","target":{"@type":"EntryPoint","urlTemplate":"https:\/\/services2.cloud1.sbg.meosis.fr\/fbg-trading\/?s={search_term_string}"},"query-input":"required name=search_term_string"}],"inLanguage":"fr-FR"},{"@type":"Organization","@id":"https:\/\/services2.cloud1.sbg.meosis.fr\/fbg-trading\/#organization","name":"FBG Trading","url":"https:\/\/services2.cloud1.sbg.meosis.fr\/fbg-trading\/","logo":{"@type":"ImageObject","inLanguage":"fr-FR","@id":"https:\/\/services2.cloud1.sbg.meosis.fr\/fbg-trading\/#\/schema\/logo\/image\/","url":"https:\/\/services2.cloud1.sbg.meosis.fr\/fbg-trading\/wp-content\/uploads\/sites\/54\/2020\/08\/F-B-G-.png","contentUrl":"https:\/\/services2.cloud1.sbg.meosis.fr\/fbg-trading\/wp-content\/uploads\/sites\/54\/2020\/08\/F-B-G-.png","width":795,"height":366,"caption":"FBG Trading"},"image":{"@id":"https:\/\/services2.cloud1.sbg.meosis.fr\/fbg-trading\/#\/schema\/logo\/image\/"}}]}},"acf":[],"_links":{"self":[{"href":"https:\/\/services2.cloud1.sbg.meosis.fr\/fbg-trading\/wp-json\/wp\/v2\/pages\/5"}],"collection":[{"href":"https:\/\/services2.cloud1.sbg.meosis.fr\/fbg-trading\/wp-json\/wp\/v2\/pages"}],"about":[{"href":"https:\/\/services2.cloud1.sbg.meosis.fr\/fbg-trading\/wp-json\/wp\/v2\/types\/page"}],"author":[{"embeddable":true,"href":"https:\/\/services2.cloud1.sbg.meosis.fr\/fbg-trading\/wp-json\/wp\/v2\/users\/1"}],"replies":[{"embeddable":true,"href":"https:\/\/services2.cloud1.sbg.meosis.fr\/fbg-trading\/wp-json\/wp\/v2\/comments?post=5"}],"version-history":[{"count":0,"href":"https:\/\/services2.cloud1.sbg.meosis.fr\/fbg-trading\/wp-json\/wp\/v2\/pages\/5\/revisions"}],"wp:attachment":[{"href":"https:\/\/services2.cloud1.sbg.meosis.fr\/fbg-trading\/wp-json\/wp\/v2\/media?parent=5"}],"curies":[{"name":"wp","href":"https:\/\/api.w.org\/{rel}","templated":true}]}}